{"id":326,"date":"2025-02-23T07:46:41","date_gmt":"2025-02-23T06:46:41","guid":{"rendered":"https:\/\/www.lerminiaux.eu\/?page_id=326"},"modified":"2025-02-23T21:55:24","modified_gmt":"2025-02-23T20:55:24","slug":"protection-des-donnees","status":"publish","type":"page","link":"https:\/\/www.lerminiaux.eu\/index.php\/protection-des-donnees\/","title":{"rendered":"Protection des donn\u00e9es"},"content":{"rendered":"\n<h2 class=\"wp-block-heading\"><strong>1) Introduction et coordonn\u00e9es du responsable<\/strong><\/h2>\n\n\n\n<p>1.1 Nous sommes ravis que vous visitiez notre site Web et vous remercions de votre int\u00e9r\u00eat. Ci-apr\u00e8s, nous vous informons sur le traitement de vos donn\u00e9es personnelles lors de l&#8217;utilisation de notre site. Les donn\u00e9es personnelles sont toutes les donn\u00e9es permettant de vous identifier personnellement.<\/p>\n\n\n\n<p>1.2 Le responsable du traitement des donn\u00e9es sur ce site Web, au sens du R\u00e8glement G\u00e9n\u00e9ral sur la Protection des Donn\u00e9es (RGPD), est Dominique Lerminiaux, Poststra\u00dfe 11a, 55624 Rhaunen, Allemagne, T\u00e9l. : 0 65 44 \/ 99 05 36, E-mail : <a>info@lerminiaux.eu<\/a>. Le responsable du traitement des donn\u00e9es personnelles est la personne physique ou morale qui d\u00e9cide seule ou conjointement des finalit\u00e9s et des moyens du traitement des donn\u00e9es personnelles.<\/p>\n\n\n\n<p><strong>2) Collecte des donn\u00e9es lors de la visite de notre site Web<\/strong><\/p>\n\n\n\n<p>2.1 Lors de l&#8217;utilisation purement informative de notre site, c&#8217;est-\u00e0-dire lorsque vous ne vous inscrivez pas ou ne nous transmettez pas d&#8217;informations d&#8217;une autre mani\u00e8re, nous collectons uniquement les donn\u00e9es que votre navigateur transmet au serveur du site (&#8222;fichiers journaux du serveur&#8220;). Lorsque vous acc\u00e9dez \u00e0 notre site Web, nous collectons les donn\u00e9es suivantes, n\u00e9cessaires pour afficher le site Web de mani\u00e8re techniquement optimale :<\/p>\n\n\n\n<ul class=\"wp-block-list\">\n<li>Site Web visit\u00e9<\/li>\n\n\n\n<li>Date et heure de l&#8217;acc\u00e8s<\/li>\n\n\n\n<li>Volume des donn\u00e9es transmises en octets<\/li>\n\n\n\n<li>Source\/r\u00e9f\u00e9rence depuis laquelle vous avez acc\u00e9d\u00e9 \u00e0 la page<\/li>\n\n\n\n<li>Navigateur utilis\u00e9<\/li>\n\n\n\n<li>Syst\u00e8me d&#8217;exploitation utilis\u00e9<\/li>\n\n\n\n<li>Adresse IP utilis\u00e9e (le cas \u00e9ch\u00e9ant, sous forme anonymis\u00e9e)<\/li>\n<\/ul>\n\n\n\n<p>Le traitement est effectu\u00e9 conform\u00e9ment \u00e0 l&#8217;article 6, paragraphe 1, point f) du RGPD, sur la base de notre int\u00e9r\u00eat l\u00e9gitime \u00e0 l&#8217;am\u00e9lioration de la stabilit\u00e9 et de la fonctionnalit\u00e9 de notre site Web. Aucune transmission ou autre utilisation des donn\u00e9es n&#8217;a lieu. Nous nous r\u00e9servons toutefois le droit de v\u00e9rifier r\u00e9trospectivement les fichiers journaux du serveur en cas d&#8217;indices concrets d&#8217;une utilisation ill\u00e9gale.<\/p>\n\n\n\n<p>2.2 Ce site Web utilise, pour des raisons de s\u00e9curit\u00e9 et afin de prot\u00e9ger la transmission des donn\u00e9es personnelles et autres contenus confidentiels (par exemple, commandes ou demandes adress\u00e9es au responsable), un cryptage SSL ou TLS. Vous pouvez reconna\u00eetre une connexion crypt\u00e9e \u00e0 la cha\u00eene de caract\u00e8res &#8222;https:\/\/&#8220; et au symbole de cadenas dans la barre d&#8217;adresse de votre navigateur.<\/p>\n\n\n\n<p><strong>3) Cookies<\/strong><\/p>\n\n\n\n<p>Afin de rendre la visite de notre site Web attrayante et de permettre l&#8217;utilisation de certaines fonctions, nous utilisons des cookies, de petits fichiers texte stock\u00e9s sur votre appareil. Certains de ces cookies sont automatiquement supprim\u00e9s apr\u00e8s la fermeture du navigateur (&#8222;cookies de session&#8220;), d&#8217;autres restent plus longtemps sur votre appareil pour permettre la sauvegarde des param\u00e8tres du site (&#8222;cookies persistants&#8220;). Dans ce dernier cas, vous pouvez consulter la dur\u00e9e de stockage dans les param\u00e8tres des cookies de votre navigateur.<\/p>\n\n\n\n<p>Si des donn\u00e9es personnelles sont trait\u00e9es par des cookies individuels que nous utilisons, ce traitement repose soit sur l&#8217;article 6, paragraphe 1, point b) du RGPD pour l&#8217;ex\u00e9cution du contrat, soit sur l&#8217;article 6, paragraphe 1, point a) du RGPD en cas de consentement accord\u00e9, soit sur l&#8217;article 6, paragraphe 1, point f) du RGPD pour pr\u00e9server notre int\u00e9r\u00eat l\u00e9gitime \u00e0 une fonctionnalit\u00e9 optimale du site et une visite conviviale.<\/p>\n\n\n\n<p>Vous pouvez configurer votre navigateur pour \u00eatre inform\u00e9 de l&#8217;utilisation de cookies et d\u00e9cider individuellement de leur acceptation ou les exclure g\u00e9n\u00e9ralement. Notez que la d\u00e9sactivation des cookies peut limiter la fonctionnalit\u00e9 de notre site Web.<\/p>\n\n\n\n<p><strong>4) Contact<\/strong><\/p>\n\n\n\n<p>Lors d&#8217;une prise de contact avec nous (par exemple, via un formulaire de contact ou par e-mail), les donn\u00e9es personnelles sont trait\u00e9es uniquement dans le but de r\u00e9pondre \u00e0 votre demande et dans la mesure o\u00f9 cela est n\u00e9cessaire.<\/p>\n\n\n\n<p>La base juridique du traitement repose sur notre int\u00e9r\u00eat l\u00e9gitime \u00e0 r\u00e9pondre \u00e0 votre demande, conform\u00e9ment \u00e0 l&#8217;article 6, paragraphe 1, point f) du RGPD. Si votre prise de contact vise \u00e0 conclure un contrat, l&#8217;article 6, paragraphe 1, point b) du RGPD constitue une base juridique suppl\u00e9mentaire. Les donn\u00e9es sont supprim\u00e9es d\u00e8s que la situation concern\u00e9e est r\u00e9solue, sauf si des obligations l\u00e9gales de conservation s&#8217;y opposent.<\/p>\n\n\n\n<p><strong>5) Traitement des donn\u00e9es pour l&#8217;ex\u00e9cution des commandes<\/strong><\/p>\n\n\n\n<p>Dans la mesure n\u00e9cessaire \u00e0 l&#8217;ex\u00e9cution du contrat, les donn\u00e9es personnelles collect\u00e9es sont transmises aux transporteurs et aux \u00e9tablissements de cr\u00e9dit mandat\u00e9s conform\u00e9ment \u00e0 l&#8217;article 6, paragraphe 1, point b) du RGPD.<\/p>\n\n\n\n<p><strong>6) Droits des personnes concern\u00e9es<\/strong><\/p>\n\n\n\n<p>Vous disposez des droits suivants en vertu du RGPD :<\/p>\n\n\n\n<ul class=\"wp-block-list\">\n<li>Droit d&#8217;acc\u00e8s (art. 15 RGPD)<\/li>\n\n\n\n<li>Droit de rectification (art. 16 RGPD)<\/li>\n\n\n\n<li>Droit \u00e0 l&#8217;effacement (art. 17 RGPD)<\/li>\n\n\n\n<li>Droit \u00e0 la limitation du traitement (art. 18 RGPD)<\/li>\n\n\n\n<li>Droit \u00e0 la portabilit\u00e9 des donn\u00e9es (art. 20 RGPD)<\/li>\n\n\n\n<li>Droit d&#8217;opposition (art. 21 RGPD)<\/li>\n<\/ul>\n\n\n\n<p>Vous pouvez exercer ces droits en nous contactant aux coordonn\u00e9es mentionn\u00e9es ci-dessus.<\/p>\n","protected":false},"excerpt":{"rendered":"<p>1) Introduction et coordonn\u00e9es du responsable 1.1 Nous sommes ravis que vous visitiez notre site Web et vous remercions de votre int\u00e9r\u00eat. Ci-apr\u00e8s, nous vous informons sur le traitement de vos donn\u00e9es personnelles lors de l&#8217;utilisation de notre site. Les donn\u00e9es personnelles sont toutes les donn\u00e9es permettant de vous identifier personnellement. 1.2 Le responsable du [&hellip;]<\/p>\n","protected":false},"author":1,"featured_media":0,"parent":0,"menu_order":0,"comment_status":"closed","ping_status":"closed","template":"","meta":{"footnotes":""},"class_list":["post-326","page","type-page","status-publish","hentry"],"yoast_head":"<!-- This site is optimized with the Yoast SEO plugin v24.0 - https:\/\/yoast.com\/wordpress\/plugins\/seo\/ -->\n<title>Protection des donn\u00e9es - lerminiaux.eu<\/title>\n<meta name=\"robots\" content=\"noindex, nofollow\" \/>\n<meta property=\"og:locale\" content=\"de_DE\" \/>\n<meta property=\"og:type\" content=\"article\" \/>\n<meta property=\"og:title\" content=\"Protection des donn\u00e9es - lerminiaux.eu\" \/>\n<meta property=\"og:description\" content=\"1) Introduction et coordonn\u00e9es du responsable 1.1 Nous sommes ravis que vous visitiez notre site Web et vous remercions de votre int\u00e9r\u00eat. Ci-apr\u00e8s, nous vous informons sur le traitement de vos donn\u00e9es personnelles lors de l&#8217;utilisation de notre site. Les donn\u00e9es personnelles sont toutes les donn\u00e9es permettant de vous identifier personnellement. 1.2 Le responsable du [&hellip;]\" \/>\n<meta property=\"og:url\" content=\"https:\/\/www.lerminiaux.eu\/index.php\/protection-des-donnees\/\" \/>\n<meta property=\"og:site_name\" content=\"lerminiaux.eu\" \/>\n<meta property=\"article:modified_time\" content=\"2025-02-23T20:55:24+00:00\" \/>\n<meta name=\"twitter:card\" content=\"summary_large_image\" \/>\n<meta name=\"twitter:label1\" content=\"Gesch\u00e4tzte Lesezeit\" \/>\n\t<meta name=\"twitter:data1\" content=\"8\u00a0Minuten\" \/>\n<script type=\"application\/ld+json\" class=\"yoast-schema-graph\">{\"@context\":\"https:\/\/schema.org\",\"@graph\":[{\"@type\":\"WebPage\",\"@id\":\"https:\/\/www.lerminiaux.eu\/index.php\/protection-des-donnees\/\",\"url\":\"https:\/\/www.lerminiaux.eu\/index.php\/protection-des-donnees\/\",\"name\":\"Protection des donn\u00e9es - lerminiaux.eu\",\"isPartOf\":{\"@id\":\"https:\/\/www.lerminiaux.eu\/#website\"},\"datePublished\":\"2025-02-23T06:46:41+00:00\",\"dateModified\":\"2025-02-23T20:55:24+00:00\",\"breadcrumb\":{\"@id\":\"https:\/\/www.lerminiaux.eu\/index.php\/protection-des-donnees\/#breadcrumb\"},\"inLanguage\":\"de\",\"potentialAction\":[{\"@type\":\"ReadAction\",\"target\":[\"https:\/\/www.lerminiaux.eu\/index.php\/protection-des-donnees\/\"]}]},{\"@type\":\"BreadcrumbList\",\"@id\":\"https:\/\/www.lerminiaux.eu\/index.php\/protection-des-donnees\/#breadcrumb\",\"itemListElement\":[{\"@type\":\"ListItem\",\"position\":1,\"name\":\"Startseite\",\"item\":\"https:\/\/www.lerminiaux.eu\/\"},{\"@type\":\"ListItem\",\"position\":2,\"name\":\"Protection des donn\u00e9es\"}]},{\"@type\":\"WebSite\",\"@id\":\"https:\/\/www.lerminiaux.eu\/#website\",\"url\":\"https:\/\/www.lerminiaux.eu\/\",\"name\":\"lerminiaux.eu\",\"description\":\"\",\"potentialAction\":[{\"@type\":\"SearchAction\",\"target\":{\"@type\":\"EntryPoint\",\"urlTemplate\":\"https:\/\/www.lerminiaux.eu\/?s={search_term_string}\"},\"query-input\":{\"@type\":\"PropertyValueSpecification\",\"valueRequired\":true,\"valueName\":\"search_term_string\"}}],\"inLanguage\":\"de\"}]}<\/script>\n<!-- \/ Yoast SEO plugin. -->","yoast_head_json":{"title":"Protection des donn\u00e9es - lerminiaux.eu","robots":{"index":"noindex","follow":"nofollow"},"og_locale":"de_DE","og_type":"article","og_title":"Protection des donn\u00e9es - lerminiaux.eu","og_description":"1) Introduction et coordonn\u00e9es du responsable 1.1 Nous sommes ravis que vous visitiez notre site Web et vous remercions de votre int\u00e9r\u00eat. Ci-apr\u00e8s, nous vous informons sur le traitement de vos donn\u00e9es personnelles lors de l&#8217;utilisation de notre site. Les donn\u00e9es personnelles sont toutes les donn\u00e9es permettant de vous identifier personnellement. 1.2 Le responsable du [&hellip;]","og_url":"https:\/\/www.lerminiaux.eu\/index.php\/protection-des-donnees\/","og_site_name":"lerminiaux.eu","article_modified_time":"2025-02-23T20:55:24+00:00","twitter_card":"summary_large_image","twitter_misc":{"Gesch\u00e4tzte Lesezeit":"8\u00a0Minuten"},"schema":{"@context":"https:\/\/schema.org","@graph":[{"@type":"WebPage","@id":"https:\/\/www.lerminiaux.eu\/index.php\/protection-des-donnees\/","url":"https:\/\/www.lerminiaux.eu\/index.php\/protection-des-donnees\/","name":"Protection des donn\u00e9es - lerminiaux.eu","isPartOf":{"@id":"https:\/\/www.lerminiaux.eu\/#website"},"datePublished":"2025-02-23T06:46:41+00:00","dateModified":"2025-02-23T20:55:24+00:00","breadcrumb":{"@id":"https:\/\/www.lerminiaux.eu\/index.php\/protection-des-donnees\/#breadcrumb"},"inLanguage":"de","potentialAction":[{"@type":"ReadAction","target":["https:\/\/www.lerminiaux.eu\/index.php\/protection-des-donnees\/"]}]},{"@type":"BreadcrumbList","@id":"https:\/\/www.lerminiaux.eu\/index.php\/protection-des-donnees\/#breadcrumb","itemListElement":[{"@type":"ListItem","position":1,"name":"Startseite","item":"https:\/\/www.lerminiaux.eu\/"},{"@type":"ListItem","position":2,"name":"Protection des donn\u00e9es"}]},{"@type":"WebSite","@id":"https:\/\/www.lerminiaux.eu\/#website","url":"https:\/\/www.lerminiaux.eu\/","name":"lerminiaux.eu","description":"","potentialAction":[{"@type":"SearchAction","target":{"@type":"EntryPoint","urlTemplate":"https:\/\/www.lerminiaux.eu\/?s={search_term_string}"},"query-input":{"@type":"PropertyValueSpecification","valueRequired":true,"valueName":"search_term_string"}}],"inLanguage":"de"}]}},"_links":{"self":[{"href":"https:\/\/www.lerminiaux.eu\/index.php\/wp-json\/wp\/v2\/pages\/326","targetHints":{"allow":["GET"]}}],"collection":[{"href":"https:\/\/www.lerminiaux.eu\/index.php\/wp-json\/wp\/v2\/pages"}],"about":[{"href":"https:\/\/www.lerminiaux.eu\/index.php\/wp-json\/wp\/v2\/types\/page"}],"author":[{"embeddable":true,"href":"https:\/\/www.lerminiaux.eu\/index.php\/wp-json\/wp\/v2\/users\/1"}],"replies":[{"embeddable":true,"href":"https:\/\/www.lerminiaux.eu\/index.php\/wp-json\/wp\/v2\/comments?post=326"}],"version-history":[{"count":3,"href":"https:\/\/www.lerminiaux.eu\/index.php\/wp-json\/wp\/v2\/pages\/326\/revisions"}],"predecessor-version":[{"id":432,"href":"https:\/\/www.lerminiaux.eu\/index.php\/wp-json\/wp\/v2\/pages\/326\/revisions\/432"}],"wp:attachment":[{"href":"https:\/\/www.lerminiaux.eu\/index.php\/wp-json\/wp\/v2\/media?parent=326"}],"curies":[{"name":"wp","href":"https:\/\/api.w.org\/{rel}","templated":true}]}}