{"id":321,"date":"2025-02-23T07:46:00","date_gmt":"2025-02-23T06:46:00","guid":{"rendered":"https:\/\/www.lerminiaux.eu\/?page_id=321"},"modified":"2025-02-23T21:24:33","modified_gmt":"2025-02-23T20:24:33","slug":"mentions-legales","status":"publish","type":"page","link":"https:\/\/www.lerminiaux.eu\/index.php\/mentions-legales\/","title":{"rendered":"Mentions l\u00e9gales"},"content":{"rendered":"\n<p>Dominique Lerminiaux<br>Poststra\u00dfe 11a<br>55624 Rhaunen<br>Allemagne<\/p>\n\n\n\n<p>T\u00e9l. : 0 65 44 \/ 99 05 36<br>Courrier \u00e9lectronique : info@lerminiaux.eu<\/p>\n\n\n\n<p>Num\u00e9ro d&#8217;identification de la taxe sur le chiffre d&#8217;affaires : DE157824997<\/p>\n\n\n\n<p>Plate-forme de la Commission europ\u00e9enne pour le r\u00e8glement en ligne des litiges : https:\/\/ec.europa.eu\/odr<\/p>\n","protected":false},"excerpt":{"rendered":"<p>Dominique LerminiauxPoststra\u00dfe 11a55624 RhaunenAllemagne T\u00e9l. : 0 65 44 \/ 99 05 36Courrier \u00e9lectronique : info@lerminiaux.eu Num\u00e9ro d&#8217;identification de la taxe sur le chiffre d&#8217;affaires : DE157824997 Plate-forme de la Commission europ\u00e9enne pour le r\u00e8glement en ligne des litiges : https:\/\/ec.europa.eu\/odr<\/p>\n","protected":false},"author":1,"featured_media":0,"parent":0,"menu_order":0,"comment_status":"closed","ping_status":"closed","template":"","meta":{"footnotes":""},"class_list":["post-321","page","type-page","status-publish","hentry"],"yoast_head":"<!-- This site is optimized with the Yoast SEO plugin v24.0 - https:\/\/yoast.com\/wordpress\/plugins\/seo\/ -->\n<title>Mentions l\u00e9gales - lerminiaux.eu<\/title>\n<meta name=\"robots\" content=\"noindex, nofollow\" \/>\n<meta property=\"og:locale\" content=\"de_DE\" \/>\n<meta property=\"og:type\" content=\"article\" \/>\n<meta property=\"og:title\" content=\"Mentions l\u00e9gales - lerminiaux.eu\" \/>\n<meta property=\"og:description\" content=\"Dominique LerminiauxPoststra\u00dfe 11a55624 RhaunenAllemagne T\u00e9l. : 0 65 44 \/ 99 05 36Courrier \u00e9lectronique : info@lerminiaux.eu Num\u00e9ro d&#8217;identification de la taxe sur le chiffre d&#8217;affaires : DE157824997 Plate-forme de la Commission europ\u00e9enne pour le r\u00e8glement en ligne des litiges : https:\/\/ec.europa.eu\/odr\" \/>\n<meta property=\"og:url\" content=\"https:\/\/www.lerminiaux.eu\/index.php\/mentions-legales\/\" \/>\n<meta property=\"og:site_name\" content=\"lerminiaux.eu\" \/>\n<meta property=\"article:modified_time\" content=\"2025-02-23T20:24:33+00:00\" \/>\n<meta name=\"twitter:card\" content=\"summary_large_image\" \/>\n<meta name=\"twitter:label1\" content=\"Gesch\u00e4tzte Lesezeit\" \/>\n\t<meta name=\"twitter:data1\" content=\"1\u00a0Minute\" \/>\n<script type=\"application\/ld+json\" class=\"yoast-schema-graph\">{\"@context\":\"https:\/\/schema.org\",\"@graph\":[{\"@type\":\"WebPage\",\"@id\":\"https:\/\/www.lerminiaux.eu\/index.php\/mentions-legales\/\",\"url\":\"https:\/\/www.lerminiaux.eu\/index.php\/mentions-legales\/\",\"name\":\"Mentions l\u00e9gales - lerminiaux.eu\",\"isPartOf\":{\"@id\":\"https:\/\/www.lerminiaux.eu\/#website\"},\"datePublished\":\"2025-02-23T06:46:00+00:00\",\"dateModified\":\"2025-02-23T20:24:33+00:00\",\"breadcrumb\":{\"@id\":\"https:\/\/www.lerminiaux.eu\/index.php\/mentions-legales\/#breadcrumb\"},\"inLanguage\":\"de\",\"potentialAction\":[{\"@type\":\"ReadAction\",\"target\":[\"https:\/\/www.lerminiaux.eu\/index.php\/mentions-legales\/\"]}]},{\"@type\":\"BreadcrumbList\",\"@id\":\"https:\/\/www.lerminiaux.eu\/index.php\/mentions-legales\/#breadcrumb\",\"itemListElement\":[{\"@type\":\"ListItem\",\"position\":1,\"name\":\"Startseite\",\"item\":\"https:\/\/www.lerminiaux.eu\/\"},{\"@type\":\"ListItem\",\"position\":2,\"name\":\"Mentions l\u00e9gales\"}]},{\"@type\":\"WebSite\",\"@id\":\"https:\/\/www.lerminiaux.eu\/#website\",\"url\":\"https:\/\/www.lerminiaux.eu\/\",\"name\":\"lerminiaux.eu\",\"description\":\"\",\"potentialAction\":[{\"@type\":\"SearchAction\",\"target\":{\"@type\":\"EntryPoint\",\"urlTemplate\":\"https:\/\/www.lerminiaux.eu\/?s={search_term_string}\"},\"query-input\":{\"@type\":\"PropertyValueSpecification\",\"valueRequired\":true,\"valueName\":\"search_term_string\"}}],\"inLanguage\":\"de\"}]}<\/script>\n<!-- \/ Yoast SEO plugin. -->","yoast_head_json":{"title":"Mentions l\u00e9gales - lerminiaux.eu","robots":{"index":"noindex","follow":"nofollow"},"og_locale":"de_DE","og_type":"article","og_title":"Mentions l\u00e9gales - lerminiaux.eu","og_description":"Dominique LerminiauxPoststra\u00dfe 11a55624 RhaunenAllemagne T\u00e9l. : 0 65 44 \/ 99 05 36Courrier \u00e9lectronique : info@lerminiaux.eu Num\u00e9ro d&#8217;identification de la taxe sur le chiffre d&#8217;affaires : DE157824997 Plate-forme de la Commission europ\u00e9enne pour le r\u00e8glement en ligne des litiges : https:\/\/ec.europa.eu\/odr","og_url":"https:\/\/www.lerminiaux.eu\/index.php\/mentions-legales\/","og_site_name":"lerminiaux.eu","article_modified_time":"2025-02-23T20:24:33+00:00","twitter_card":"summary_large_image","twitter_misc":{"Gesch\u00e4tzte Lesezeit":"1\u00a0Minute"},"schema":{"@context":"https:\/\/schema.org","@graph":[{"@type":"WebPage","@id":"https:\/\/www.lerminiaux.eu\/index.php\/mentions-legales\/","url":"https:\/\/www.lerminiaux.eu\/index.php\/mentions-legales\/","name":"Mentions l\u00e9gales - lerminiaux.eu","isPartOf":{"@id":"https:\/\/www.lerminiaux.eu\/#website"},"datePublished":"2025-02-23T06:46:00+00:00","dateModified":"2025-02-23T20:24:33+00:00","breadcrumb":{"@id":"https:\/\/www.lerminiaux.eu\/index.php\/mentions-legales\/#breadcrumb"},"inLanguage":"de","potentialAction":[{"@type":"ReadAction","target":["https:\/\/www.lerminiaux.eu\/index.php\/mentions-legales\/"]}]},{"@type":"BreadcrumbList","@id":"https:\/\/www.lerminiaux.eu\/index.php\/mentions-legales\/#breadcrumb","itemListElement":[{"@type":"ListItem","position":1,"name":"Startseite","item":"https:\/\/www.lerminiaux.eu\/"},{"@type":"ListItem","position":2,"name":"Mentions l\u00e9gales"}]},{"@type":"WebSite","@id":"https:\/\/www.lerminiaux.eu\/#website","url":"https:\/\/www.lerminiaux.eu\/","name":"lerminiaux.eu","description":"","potentialAction":[{"@type":"SearchAction","target":{"@type":"EntryPoint","urlTemplate":"https:\/\/www.lerminiaux.eu\/?s={search_term_string}"},"query-input":{"@type":"PropertyValueSpecification","valueRequired":true,"valueName":"search_term_string"}}],"inLanguage":"de"}]}},"_links":{"self":[{"href":"https:\/\/www.lerminiaux.eu\/index.php\/wp-json\/wp\/v2\/pages\/321","targetHints":{"allow":["GET"]}}],"collection":[{"href":"https:\/\/www.lerminiaux.eu\/index.php\/wp-json\/wp\/v2\/pages"}],"about":[{"href":"https:\/\/www.lerminiaux.eu\/index.php\/wp-json\/wp\/v2\/types\/page"}],"author":[{"embeddable":true,"href":"https:\/\/www.lerminiaux.eu\/index.php\/wp-json\/wp\/v2\/users\/1"}],"replies":[{"embeddable":true,"href":"https:\/\/www.lerminiaux.eu\/index.php\/wp-json\/wp\/v2\/comments?post=321"}],"version-history":[{"count":3,"href":"https:\/\/www.lerminiaux.eu\/index.php\/wp-json\/wp\/v2\/pages\/321\/revisions"}],"predecessor-version":[{"id":347,"href":"https:\/\/www.lerminiaux.eu\/index.php\/wp-json\/wp\/v2\/pages\/321\/revisions\/347"}],"wp:attachment":[{"href":"https:\/\/www.lerminiaux.eu\/index.php\/wp-json\/wp\/v2\/media?parent=321"}],"curies":[{"name":"wp","href":"https:\/\/api.w.org\/{rel}","templated":true}]}}